{"id":53,"date":"2014-06-02T08:02:51","date_gmt":"2014-06-02T08:02:51","guid":{"rendered":"https:\/\/www.fernandmartintoys.com\/proef\/?page_id=53"},"modified":"2020-01-06T10:49:12","modified_gmt":"2020-01-06T10:49:12","slug":"qui-sommes-nous-2","status":"publish","type":"page","link":"https:\/\/www.fernandmartintoys.com\/fr\/qui-sommes-nous-2\/","title":{"rendered":"Qui sommes-nous"},"content":{"rendered":"<p>Lors des rencontres nationales et internationales de collectionneurs de jouets anciens, le fabricant de jouet fran\u00e7ais S\u00e9raphin Fernand Martin (1849-1919) est fr\u00e9quemment l\u2019objet des conversations.<\/p>\n<p>Le premier et unique ouvrage d\u2019importance consacr\u00e9 \u00e0 Martin a \u00e9t\u00e9 publi\u00e9 il y a plus de vingt-cinq ans. Il s\u2019agit du livre de Fr\u00e9d\u00e9ric Marchand paru sous le titre L\u2019Histoire des jouets Martin (The History of Martin Mechanical Toys dans la traduction anglaise). Marchand est le premier \u00e0 avoir publi\u00e9 une liste des mod\u00e8les fabriqu\u00e9s par Martin et ses successeurs. Ce classement distingue quatre p\u00e9riodes: la 1\u00e8re p\u00e9riode Martin (1878-1894), la 2\u00e8me p\u00e9riode Martin (1895-1912), la 3\u00e8me p\u00e9riode Georges Flersheim (1912-1919) et la 4\u00e8me p\u00e9riode Victor Bonnet (1919-1937). Ce classement se fonde notamment sur la collection de jouets Martin conserv\u00e9e depuis 1908 au Mus\u00e9e des Arts et M\u00e9tiers de Paris. Cette collection de 104 jouets, h\u00e9las incompl\u00e8te, donne un aper\u00e7u de la production des deux premi\u00e8res p\u00e9riodes (1878-1912). Cette collection a \u00e9t\u00e9 l\u00e9gu\u00e9e au Mus\u00e9e des Arts et M\u00e9tiers de Paris en 1908 par Fernand Martin.<\/p>\n<p>Pour la r\u00e9daction de son livre, Marchand a fait \u00e9galement appel \u00e0 ses vastes connaissances acquises en qualit\u00e9 d\u2019antiquaire sp\u00e9cialis\u00e9 dans les jouets anciens. Pour illustrer son livre, il a eu acc\u00e8s \u00e0 de nombreuses collections priv\u00e9es en France qui comprennent plusieurs exemplaires rares des jouets Martin.<\/p>\n<p>Un quart de si\u00e8cle plus tard, il nous a sembl\u00e9 utile de consacrer un nouveau livre aux jouets Martin. De nouvelles hypoth\u00e8ses, la d\u00e9couverte de jouets jusqu\u2019ici jamais repr\u00e9sent\u00e9s, ainsi que de bo\u00eetes num\u00e9rot\u00e9es utilis\u00e9es au cours de la deuxi\u00e8me p\u00e9riode Martin (\u00e0 partir de 1885), nous ont amen\u00e9s \u00e0 r\u00e9actualiser la liste des jouets fabriqu\u00e9s par Martin. La r\u00e9vision de la num\u00e9rotation permet de mieux conna\u00eetre la date et l\u2019ann\u00e9e de production des diff\u00e9rents jouets. Gr\u00e2ce \u00e0 la d\u00e9couverte de deux catalogues tr\u00e8s rares dat\u00e9s respectivement de 1894 et 1911, tous deux repris dans ce livre, nous sommes en mesure d\u2019affirmer que contrairement aux id\u00e9es re\u00e7ues, tous les jouets m\u00e9caniques habill\u00e9s de tissu n\u2019ont pas \u00e9t\u00e9 fabriqu\u00e9s par Fernand Martin.<\/p>\n<p>En guise de conclusion, je voudrais remercier trois passionn\u00e9s sans qui cet ouvrage n\u2019aurait jamais vu le jour. Le premier est Monsieur S\u00e9raphin Fernand Martin lui-m\u00eame, inventeur, ing\u00e9nieur, m\u00e9canicien et fabricant de jouets dont le travail nous est connu gr\u00e2ce aux nombreux entretiens qu\u2019il a donn\u00e9s au cours de sa carri\u00e8re.<\/p>\n<p>Je tiens \u00e9galement \u00e0 saluer J. Arthur Verdoorn (1935-2017), ing\u00e9nieur, photographe et collectionneur passionn\u00e9 de jouets anciens, notamment de jouets Martin.<\/p>\n<p>Enfin Lourens Bas (1944-2019), expert en jeux et jouets anciens, lui aussi collectionneur, peut \u00eatre consid\u00e9r\u00e9 au m\u00eame titre que Fernand Martin comme le co-auteur de cet ouvrage.<\/p>\n","protected":false},"excerpt":{"rendered":"<p>Lors des rencontres nationales et internationales de collectionneurs de jouets anciens, le fabricant de jouet fran\u00e7ais S\u00e9raphin Fernand Martin (1849-1919) est fr\u00e9quemment l\u2019objet des conversations. Le premier et unique ouvrage d\u2019importance consacr\u00e9 \u00e0 Martin a \u00e9t\u00e9 publi\u00e9 il y a plus de vingt-cinq ans. Il s\u2019agit du livre de Fr\u00e9d\u00e9ric Marchand paru sous le titre [&hellip;]<\/p>\n","protected":false},"author":1,"featured_media":0,"parent":0,"menu_order":0,"comment_status":"closed","ping_status":"closed","template":"","meta":{"_et_pb_use_builder":"","_et_pb_old_content":"","_et_gb_content_width":"","footnotes":""},"class_list":["post-53","page","type-page","status-publish","hentry"],"_links":{"self":[{"href":"https:\/\/www.fernandmartintoys.com\/fr\/wp-json\/wp\/v2\/pages\/53","targetHints":{"allow":["GET"]}}],"collection":[{"href":"https:\/\/www.fernandmartintoys.com\/fr\/wp-json\/wp\/v2\/pages"}],"about":[{"href":"https:\/\/www.fernandmartintoys.com\/fr\/wp-json\/wp\/v2\/types\/page"}],"author":[{"embeddable":true,"href":"https:\/\/www.fernandmartintoys.com\/fr\/wp-json\/wp\/v2\/users\/1"}],"replies":[{"embeddable":true,"href":"https:\/\/www.fernandmartintoys.com\/fr\/wp-json\/wp\/v2\/comments?post=53"}],"version-history":[{"count":5,"href":"https:\/\/www.fernandmartintoys.com\/fr\/wp-json\/wp\/v2\/pages\/53\/revisions"}],"predecessor-version":[{"id":477,"href":"https:\/\/www.fernandmartintoys.com\/fr\/wp-json\/wp\/v2\/pages\/53\/revisions\/477"}],"wp:attachment":[{"href":"https:\/\/www.fernandmartintoys.com\/fr\/wp-json\/wp\/v2\/media?parent=53"}],"curies":[{"name":"wp","href":"https:\/\/api.w.org\/{rel}","templated":true}]}}