{"id":60,"date":"2014-06-02T12:32:20","date_gmt":"2014-06-02T12:32:20","guid":{"rendered":"https:\/\/www.fernandmartintoys.com\/proef\/?page_id=60"},"modified":"2020-01-06T10:51:56","modified_gmt":"2020-01-06T10:51:56","slug":"links-3","status":"publish","type":"page","link":"https:\/\/www.fernandmartintoys.com\/fr\/links-3\/","title":{"rendered":"Links"},"content":{"rendered":"<div id=\"textinner\"><span id=\"resulttxt\" class=\"mt-translation-content\">Voici quelques liens qui sont int\u00e9ressants \u00e0 voir et \u00e0 lire<\/span>:<\/p>\n<p><a href=\"http:\/\/www.artofspinningtops.com\/\" target=\"_blank\" rel=\"noopener noreferrer\">www.artofspinningtops.com<\/a><\/p>\n<p><a href=\"http:\/\/www.arts-et-metiers.net\/musee\/phototheque\" target=\"_blank\" rel=\"noopener noreferrer\">www.arts-et-metiers.net\/musee\/phototheque<\/a><\/p>\n<p><a href=\"http:\/\/www.ivoire-chartres.com\" target=\"_blank\" rel=\"noopener noreferrer\">www.ivoire-chartres.com<\/a><\/p>\n<p><a href=\"https:\/\/www.spielmuseum-soltau.de\/\" target=\"_blank\" rel=\"noopener noreferrer\">www.spielmuseum-soltau.de<\/a> (klein-Paris)<\/p>\n<p>Fr\u00e9d\u00e9ric Marchand<br \/>\nEmail: <a href=\"mailto:fr_ma@club_internet.fr\">fr_ma@club_internet.fr<\/a><br \/>\n<a href=\"http:\/\/www.antiqtoysparis.com\" target=\"_blank\" rel=\"noopener noreferrer\">www.antiqtoysparis.com<\/a><\/p>\n<p><a href=\"http:\/\/www.sothebys.com\" target=\"_blank\" rel=\"noopener noreferrer\">www.sothebys.com<\/a><\/p>\n<p>Noel Barrett<br \/>\nVintage toys @ Auction<br \/>\n<a href=\"http:\/\/www.noelbarrett.com\" target=\"_blank\" rel=\"noopener noreferrer\">www.noelbarrett.com<\/a><\/p>\n<p>Bertoia Auctions<br \/>\n<a href=\"http:\/\/www.bertoiaauctions.com\" target=\"_blank\" rel=\"noopener noreferrer\">www.bertoiaauctions.com<\/a><\/p>\n<p>Ladenburger Spielzeugauktion Gmbh.<br \/>\n<a href=\"http:\/\/www.spielzeugauktion.de\" target=\"_blank\" rel=\"noopener noreferrer\">www.spielzeugauktion.de<\/a><\/p>\n<p>Antique toys Collectors of America inc.<br \/>\n<a href=\"http:\/\/www.atca-club.org\" target=\"_blank\" rel=\"noopener noreferrer\">www.atca-club.org<\/a><\/p>\n<p><a href=\"http:\/\/www.poupendol.com\" target=\"_blank\" rel=\"noopener noreferrer\">www.poupendol.com<\/a><\/p>\n<\/div>\n","protected":false},"excerpt":{"rendered":"<p>Voici quelques liens qui sont int\u00e9ressants \u00e0 voir et \u00e0 lire: www.artofspinningtops.com www.arts-et-metiers.net\/musee\/phototheque www.ivoire-chartres.com www.spielmuseum-soltau.de (klein-Paris) Fr\u00e9d\u00e9ric Marchand Email: fr_ma@club_internet.fr www.antiqtoysparis.com www.sothebys.com Noel Barrett Vintage toys @ Auction www.noelbarrett.com Bertoia Auctions www.bertoiaauctions.com Ladenburger Spielzeugauktion Gmbh. www.spielzeugauktion.de Antique toys Collectors of America inc. www.atca-club.org www.poupendol.com<\/p>\n","protected":false},"author":1,"featured_media":0,"parent":0,"menu_order":0,"comment_status":"closed","ping_status":"closed","template":"","meta":{"_et_pb_use_builder":"","_et_pb_old_content":"","_et_gb_content_width":"","footnotes":""},"class_list":["post-60","page","type-page","status-publish","hentry"],"_links":{"self":[{"href":"https:\/\/www.fernandmartintoys.com\/fr\/wp-json\/wp\/v2\/pages\/60","targetHints":{"allow":["GET"]}}],"collection":[{"href":"https:\/\/www.fernandmartintoys.com\/fr\/wp-json\/wp\/v2\/pages"}],"about":[{"href":"https:\/\/www.fernandmartintoys.com\/fr\/wp-json\/wp\/v2\/types\/page"}],"author":[{"embeddable":true,"href":"https:\/\/www.fernandmartintoys.com\/fr\/wp-json\/wp\/v2\/users\/1"}],"replies":[{"embeddable":true,"href":"https:\/\/www.fernandmartintoys.com\/fr\/wp-json\/wp\/v2\/comments?post=60"}],"version-history":[{"count":10,"href":"https:\/\/www.fernandmartintoys.com\/fr\/wp-json\/wp\/v2\/pages\/60\/revisions"}],"predecessor-version":[{"id":481,"href":"https:\/\/www.fernandmartintoys.com\/fr\/wp-json\/wp\/v2\/pages\/60\/revisions\/481"}],"wp:attachment":[{"href":"https:\/\/www.fernandmartintoys.com\/fr\/wp-json\/wp\/v2\/media?parent=60"}],"curies":[{"name":"wp","href":"https:\/\/api.w.org\/{rel}","templated":true}]}}